{"id":550,"date":"2024-01-25T19:57:10","date_gmt":"2024-01-25T18:57:10","guid":{"rendered":"https:\/\/soul-creek.com\/?page_id=550"},"modified":"2024-02-16T17:01:18","modified_gmt":"2024-02-16T16:01:18","slug":"impressum","status":"publish","type":"page","link":"https:\/\/soul-creek.com\/en\/impressum\/","title":{"rendered":"Site Notice"},"content":{"rendered":"<h4>Angaben gem\u00e4\u00df \u00a7 5 TMG<\/h4>\n<p>GbR Julia Mutter, Marlon Leonidas Johannes Vogel<br \/>\nSeelbachstrasse 10<br \/>\n74831 Gundelsheim, Tiefenbach<\/p>\n<p><strong>Vertreten durch:<\/strong><br \/>\nJulia Mutter, Marlon Leonidas Johannes Vogel<\/p>\n<h4>Kontakt<\/h4>\n<p>Telefon: (+49) 176 63235826<br \/>\nE-Mail: info@soul-creek.com<\/p>\n<h4>Umsatzsteuer-ID<\/h4>\n<p>Umsatzsteuer-Identifikationsnummer gem\u00e4\u00df \u00a7 27 a Umsatzsteuergesetz:<br \/>\nDE362401354<\/p>\n<h4>Angaben zur Berufs\u00adhaftpflicht\u00adversicherung<\/h4>\n<p><strong>Name und Sitz des Versicherers:<\/strong><br \/>\nZurich Insurance plc<br \/>\nNiederlassung f\u00fcr Deutschland<br \/>\n50427 K\u00f6ln<\/p>\n<p><strong>Geltungsraum der Versicherung:<\/strong><br \/>\nWeltweit<\/p>\n<h4>EU-Streitschlichtung<\/h4>\n<p>Die Europ\u00e4ische Kommission stellt eine Plattform zur Online-Streitbeilegung (OS) bereit: <a href=\"https:\/\/ec.europa.eu\/consumers\/odr\/\" target=\"_blank\" rel=\"noopener noreferrer\">https:\/\/ec.europa.eu\/consumers\/odr\/<\/a>.<br \/>\nUnsere E-Mail-Adresse finden Sie oben im Impressum.<\/p>\n<h4>Verbraucher\u00adstreit\u00adbeilegung\/Universal\u00adschlichtungs\u00adstelle<\/h4>\n<p>Wir sind nicht bereit oder verpflichtet, an Streitbeilegungsverfahren vor einer Verbraucherschlichtungsstelle teilzunehmen.<\/p>\n<p>Quelle: <a href=\"https:\/\/www.e-recht24.de\">https:\/\/www.e-recht24.de<\/a><\/p>","protected":false},"excerpt":{"rendered":"<p>Angaben gem\u00e4\u00df \u00a7 5 TMG GbR Julia Mutter, Marlon Leonidas Johannes Vogel Seelbachstrasse 10 74831 Gundelsheim, Tiefenbach Vertreten durch: Julia Mutter, Marlon Leonidas Johannes Vogel Kontakt Telefon: (+49) 176 63235826 E-Mail: info@soul-creek.com Umsatzsteuer-ID Umsatzsteuer-Identifikationsnummer gem\u00e4\u00df \u00a7 27 a Umsatzsteuergesetz: DE362401354 Angaben zur Berufs\u00adhaftpflicht\u00adversicherung Name und Sitz des Versicherers: Zurich Insurance plc Niederlassung f\u00fcr Deutschland 50427 [&hellip;]<\/p>","protected":false},"author":1,"featured_media":0,"parent":0,"menu_order":0,"comment_status":"closed","ping_status":"closed","template":"","meta":{"footnotes":""},"class_list":["post-550","page","type-page","status-publish","hentry"],"blocksy_meta":[],"featured_image_urls":{"full":"","thumbnail":"","medium":"","medium_large":"","large":"","1536x1536":"","2048x2048":"","trp-custom-language-flag":"","woocommerce_archive_thumbnail":"","woocommerce_thumbnail":"","woocommerce_single":"","woocommerce_gallery_thumbnail":""},"post_excerpt_stackable":"<p>Angaben gem\u00e4\u00df \u00a7 5 TMG GbR Julia Mutter, Marlon Leonidas Johannes Vogel Seelbachstrasse 10 74831 Gundelsheim, Tiefenbach Vertreten durch: Julia Mutter, Marlon Leonidas Johannes Vogel Kontakt Telefon: (+49) 176 63235826 E-Mail: info@soul-creek.com Umsatzsteuer-ID Umsatzsteuer-Identifikationsnummer gem\u00e4\u00df \u00a7 27 a Umsatzsteuergesetz: DE362401354 Angaben zur Berufs\u00adhaftpflicht\u00adversicherung Name und Sitz des Versicherers: Zurich Insurance plc Niederlassung f\u00fcr Deutschland 50427 K\u00f6ln Geltungsraum der Versicherung: Weltweit EU-Streitschlichtung Die Europ\u00e4ische Kommission stellt eine Plattform zur Online-Streitbeilegung (OS) bereit: https:\/\/ec.europa.eu\/consumers\/odr\/. Unsere E-Mail-Adresse finden Sie oben im Impressum. Verbraucher\u00adstreit\u00adbeilegung\/Universal\u00adschlichtungs\u00adstelle Wir sind nicht bereit oder verpflichtet, an Streitbeilegungsverfahren vor einer Verbraucherschlichtungsstelle teilzunehmen. Quelle: https:\/\/www.e-recht24.de<\/p>\n","category_list":"","author_info":{"name":"soul-creek","url":"https:\/\/soul-creek.com\/en\/author\/soul-creek\/"},"comments_num":"0 comments","_links":{"self":[{"href":"https:\/\/soul-creek.com\/en\/wp-json\/wp\/v2\/pages\/550","targetHints":{"allow":["GET"]}}],"collection":[{"href":"https:\/\/soul-creek.com\/en\/wp-json\/wp\/v2\/pages"}],"about":[{"href":"https:\/\/soul-creek.com\/en\/wp-json\/wp\/v2\/types\/page"}],"author":[{"embeddable":true,"href":"https:\/\/soul-creek.com\/en\/wp-json\/wp\/v2\/users\/1"}],"replies":[{"embeddable":true,"href":"https:\/\/soul-creek.com\/en\/wp-json\/wp\/v2\/comments?post=550"}],"version-history":[{"count":2,"href":"https:\/\/soul-creek.com\/en\/wp-json\/wp\/v2\/pages\/550\/revisions"}],"predecessor-version":[{"id":742,"href":"https:\/\/soul-creek.com\/en\/wp-json\/wp\/v2\/pages\/550\/revisions\/742"}],"wp:attachment":[{"href":"https:\/\/soul-creek.com\/en\/wp-json\/wp\/v2\/media?parent=550"}],"curies":[{"name":"wp","href":"https:\/\/api.w.org\/{rel}","templated":true}]}}